{"id":13,"date":"2016-07-26T13:30:31","date_gmt":"2016-07-26T10:30:31","guid":{"rendered":"http:\/\/lamarpm.com\/?page_id=13"},"modified":"2019-11-23T16:36:05","modified_gmt":"2019-11-23T13:36:05","slug":"home","status":"publish","type":"page","link":"https:\/\/lamarpm.com\/es\/","title":{"rendered":"Costa del Sol"},"content":{"rendered":"<p>Casa en alquiler en la costa espa\u00f1ola &#8211; esta alternativa c\u00f3moda y asequible al hotel para descansar. \u00bfPuede un cuarto peque\u00f1o comparar con una amplia casa en la playa, donde se puede pasar unas magn\u00edficas vacaciones con amigos o con su familia. Pensando en sus vacaciones en Espa\u00f1a, siempre se puede confiar en nuestros apartamentos.<\/p>","protected":false},"excerpt":{"rendered":"<p>Casa en alquiler en la costa espa\u00f1ola &#8211; esta alternativa c\u00f3moda y asequible al hotel para descansar. \u00bfPuede un cuarto peque\u00f1o comparar con una amplia casa en la playa, donde se puede pasar unas magn\u00edficas vacaciones con amigos o con su familia. Pensando en sus vacaciones en Espa\u00f1a, siempre se puede confiar en nuestros apartamentos.<\/p>\n","protected":false},"author":1,"featured_media":0,"parent":0,"menu_order":0,"comment_status":"closed","ping_status":"closed","template":"main.php","meta":{"footnotes":""},"_links":{"self":[{"href":"https:\/\/lamarpm.com\/es\/wp-json\/wp\/v2\/pages\/13"}],"collection":[{"href":"https:\/\/lamarpm.com\/es\/wp-json\/wp\/v2\/pages"}],"about":[{"href":"https:\/\/lamarpm.com\/es\/wp-json\/wp\/v2\/types\/page"}],"author":[{"embeddable":true,"href":"https:\/\/lamarpm.com\/es\/wp-json\/wp\/v2\/users\/1"}],"replies":[{"embeddable":true,"href":"https:\/\/lamarpm.com\/es\/wp-json\/wp\/v2\/comments?post=13"}],"version-history":[{"count":6,"href":"https:\/\/lamarpm.com\/es\/wp-json\/wp\/v2\/pages\/13\/revisions"}],"predecessor-version":[{"id":409,"href":"https:\/\/lamarpm.com\/es\/wp-json\/wp\/v2\/pages\/13\/revisions\/409"}],"wp:attachment":[{"href":"https:\/\/lamarpm.com\/es\/wp-json\/wp\/v2\/media?parent=13"}],"curies":[{"name":"wp","href":"https:\/\/api.w.org\/{rel}","templated":true}]}}