{"id":81,"date":"2016-08-04T22:09:03","date_gmt":"2016-08-04T19:09:03","guid":{"rendered":"http:\/\/lamarpm.com\/?page_id=81"},"modified":"2016-08-10T13:13:03","modified_gmt":"2016-08-10T10:13:03","slug":"search-results","status":"publish","type":"page","link":"http:\/\/lamarpm.com\/es\/search-results\/","title":{"rendered":"Resultados de la b\u00fasqueda"},"content":{"rendered":"<p>Costa del Sol -El en el mar Mediterr\u00e1neo. La antigua fortaleza musulmana y g\u00f3tica europea, simples aldeas de pesca y villas de lujo de los arist\u00f3cratas, abrasador sol arena y las aguas fr\u00edas de Gibraltar son sorprendentemente entrelazados.<\/p>\n<p>Costa del Sol se traduce como \u00abcosta del sol\u00bb. Sunny Beach, esta parte sur de Espa\u00f1a puede ser llamado con raz\u00f3n: aqu\u00ed 325 d\u00edas de sol al a\u00f1o, y el mar es muy c\u00e1lido, y la temporada de ba\u00f1o comienza un poco antes y termina un poco m\u00e1s tarde que otras costas espa\u00f1olas del Mediterr\u00e1neo. Monta\u00f1as rodean las playas de tierra firme y no dejan que el viento fr\u00edo norte hasta la costa. No hay corrientes de calor sofocante y fr\u00edos que vienen peri\u00f3dicamente Gibraltar agradable fresco ba\u00f1o en el mar durante los meses m\u00e1s calurosos del verano; Invierno, como tal, no sucede, la temperatura no baja de los 20 grados. Por lo tanto, la Costa del Sol es un destino tan atractivo para los turistas de todas las edades en cualquier \u00e9poca del a\u00f1o. Aqu\u00ed se puede practicar de forma segura tanto con los ni\u00f1os peque\u00f1os y ni\u00f1os de m\u00e1s edad, como un clima suave y agradable se tolera f\u00e1cilmente a cualquier edad. Las playas de la Costa del Sol son ejemplares, y se le otorga la bandera azul &#8211; la pureza ecol\u00f3gica de signos. Una variedad de paisajes naturales es ideal para los amantes de la naturaleza: las barras de arena de ancho, calas rocosas con playas de cantos rodados y una fresca brisa que trae mucha alegr\u00eda.<\/p>\n<p>Las huellas de muchas grandes civilizaciones se han mantenido en la provincia espa\u00f1ola de Andaluc\u00eda y su costa en la Costa del Sol hasta la actualidad. Un ejemplo es fundada por los fenicios hace m\u00e1s de 3 de 100 a\u00f1os, C\u00e1diz es considerada la ciudad m\u00e1s antigua de Europa occidental. Dejaron su huella, y el Imperio Romano, as\u00ed como moros, que gobernaron en Andaluc\u00eda casi 800 a\u00f1os y se considera un complejo arquitect\u00f3nico creado por ellos Alhambra para\u00edso en la Tierra. Andaluc\u00eda es, literalmente repleta de atracciones excepcionales, y muchas de sus ciudades son museos al aire libre. Por otra parte, muchos lugares clasificados por la UNESCO en el patrimonio cultural mundial de la humanidad.<\/p>\n<p>palacios de cuentos de hadas, grandes mezquitas impresionantes, la hermosa costa rocosa con el mar m\u00e1s c\u00e1lido en Europa, la proximidad de Marruecos &#8211; todo esto hace que Andaluc\u00eda un borde excepcionalmente atractivo para los visitantes.<\/p>\n<p>Costa del Sol es considerado como un recurso para los arist\u00f3cratas y los ricos, los cuales, por supuesto, algo que afecta el nivel de precios; aqu\u00ed el amor para relajar la descendencia de las m\u00e1s famosas familias aristocr\u00e1ticas de Europa, adem\u00e1s de la Costa del Sol &#8211; un \u00abbalneario Ingl\u00e9s\u00bb. Se trata de los primeros anglosajones han optado por esta costa y mantener la palma de la mano entre los turistas hasta el momento. Por lo tanto, en la Costa del Sol, la mayor\u00eda de los campos de golf, personal del hotel y las agencias de viajes locales m\u00e1s \u00abencerrados\u00bb en el Ingl\u00e9s y en las cafeter\u00edas y restaurantes locales a menudo toman en cuenta la forma en la preferencia brit\u00e1nica.<\/p>\n<p>La naturaleza ha ofrecido generosamente en este sur variado paisaje de la costa espa\u00f1ola y el clima templado.<\/p>\n<p>La belleza de Andaluc\u00eda &#8211; en las sonrisas de las personas, el sabor de las aceitunas madurados bajo el sol caliente, exquisitos mariscos, bailar flamenco y los toros emocional peligroso.<\/p>","protected":false},"excerpt":{"rendered":"<p>Costa del Sol -El en el mar Mediterr\u00e1neo. La antigua fortaleza musulmana y g\u00f3tica europea, simples aldeas de pesca y villas de lujo de los arist\u00f3cratas, abrasador sol arena y las aguas fr\u00edas de Gibraltar son sorprendentemente entrelazados. Costa del Sol se traduce como \u00abcosta del sol\u00bb. Sunny Beach, esta parte sur de Espa\u00f1a puede [&hellip;]<\/p>\n","protected":false},"author":1,"featured_media":0,"parent":0,"menu_order":5,"comment_status":"closed","ping_status":"closed","template":"","meta":{"footnotes":""},"_links":{"self":[{"href":"http:\/\/lamarpm.com\/es\/wp-json\/wp\/v2\/pages\/81"}],"collection":[{"href":"http:\/\/lamarpm.com\/es\/wp-json\/wp\/v2\/pages"}],"about":[{"href":"http:\/\/lamarpm.com\/es\/wp-json\/wp\/v2\/types\/page"}],"author":[{"embeddable":true,"href":"http:\/\/lamarpm.com\/es\/wp-json\/wp\/v2\/users\/1"}],"replies":[{"embeddable":true,"href":"http:\/\/lamarpm.com\/es\/wp-json\/wp\/v2\/comments?post=81"}],"version-history":[{"count":6,"href":"http:\/\/lamarpm.com\/es\/wp-json\/wp\/v2\/pages\/81\/revisions"}],"predecessor-version":[{"id":406,"href":"http:\/\/lamarpm.com\/es\/wp-json\/wp\/v2\/pages\/81\/revisions\/406"}],"wp:attachment":[{"href":"http:\/\/lamarpm.com\/es\/wp-json\/wp\/v2\/media?parent=81"}],"curies":[{"name":"wp","href":"https:\/\/api.w.org\/{rel}","templated":true}]}}