{"id":499,"date":"2024-05-28T20:11:55","date_gmt":"2024-05-28T20:11:55","guid":{"rendered":"http:\/\/lamarpm.com\/?page_id=499"},"modified":"2024-06-02T12:52:43","modified_gmt":"2024-06-02T12:52:43","slug":"private-policy","status":"publish","type":"page","link":"http:\/\/lamarpm.com\/es\/private-policy\/","title":{"rendered":"MEDIDAS Y POL\u00cdTICAS PARA EL CUMPLIMIENTONORMATIVO"},"content":{"rendered":"<p style=\"text-align: left;\">El objeto del presente documento es facilitar una correcta adaptaci\u00f3n a la normativa a su espacio web, conforme a sus peculiaridades, para cumplir con los requerimientos y obligaciones establecidos en la LSSI-CE, as\u00ed como el cumplimiento en el env\u00edo de comunicaciones comerciales o publicidad mediante comunicaci\u00f3n electr\u00f3nica, entre las que se encuentran los mensajes remitidos por correo electr\u00f3nico, SMS, MMS u otros sistemas equivalentes.<\/p>\n<p style=\"text-align: left;\"><a href=\"http:\/\/lamarpm.com\/wp-content\/Medidas_Cumplimiento_Normativa_LSSI_BELLAR_MAR_ESTATE_GROUP_SL.pdf\">Medidas_Cumplimiento_Normativa_LSSI_BELLAR_MAR_ESTATE_GROUP_SL.pdf<\/a><\/p>\n\n\n<p><\/p>","protected":false},"excerpt":{"rendered":"<p>El objeto del presente documento es facilitar una correcta adaptaci\u00f3n a la normativa a su espacio web, conforme a sus peculiaridades, para cumplir con los requerimientos y obligaciones establecidos en la LSSI-CE, as\u00ed como el cumplimiento en el env\u00edo de comunicaciones comerciales o publicidad mediante comunicaci\u00f3n electr\u00f3nica, entre las que se encuentran los mensajes remitidos [&hellip;]<\/p>\n","protected":false},"author":1,"featured_media":0,"parent":0,"menu_order":0,"comment_status":"closed","ping_status":"closed","template":"owners.php","meta":{"footnotes":""},"_links":{"self":[{"href":"http:\/\/lamarpm.com\/es\/wp-json\/wp\/v2\/pages\/499"}],"collection":[{"href":"http:\/\/lamarpm.com\/es\/wp-json\/wp\/v2\/pages"}],"about":[{"href":"http:\/\/lamarpm.com\/es\/wp-json\/wp\/v2\/types\/page"}],"author":[{"embeddable":true,"href":"http:\/\/lamarpm.com\/es\/wp-json\/wp\/v2\/users\/1"}],"replies":[{"embeddable":true,"href":"http:\/\/lamarpm.com\/es\/wp-json\/wp\/v2\/comments?post=499"}],"version-history":[{"count":35,"href":"http:\/\/lamarpm.com\/es\/wp-json\/wp\/v2\/pages\/499\/revisions"}],"predecessor-version":[{"id":563,"href":"http:\/\/lamarpm.com\/es\/wp-json\/wp\/v2\/pages\/499\/revisions\/563"}],"wp:attachment":[{"href":"http:\/\/lamarpm.com\/es\/wp-json\/wp\/v2\/media?parent=499"}],"curies":[{"name":"wp","href":"https:\/\/api.w.org\/{rel}","templated":true}]}}