{"id":2,"date":"2016-07-25T16:41:21","date_gmt":"2016-07-25T13:41:21","guid":{"rendered":"http:\/\/lamarpm.com\/?page_id=2"},"modified":"2017-07-05T18:16:52","modified_gmt":"2017-07-05T15:16:52","slug":"about","status":"publish","type":"page","link":"http:\/\/lamarpm.com\/es\/about\/","title":{"rendered":"Empresa"},"content":{"rendered":"<p><strong>Bella Mar Estate Group <\/strong> &#8211; una empresa espa\u00f1ola, desde hace muchos a\u00f1os, la realizaci\u00f3n de operaciones en la administraci\u00f3n de bienes inmuebles Costa del Sol. La compa\u00f1\u00eda ofrece una amplia gama de servicios relacionados con el alquiler, reparaci\u00f3n y mantenimiento de apartamentos, villas y adosados.<\/p>\n<p>Cualquier propiedad residencial, con nuestra ayuda, comenzar\u00e1 a generar altos ingresos estable. Para ello, estamos listos para alquilarlo de usted durante mucho tiempo. Si es necesario, vamos a por su cuenta deber\u00e1 hacer las reparaciones o mejoras necesarias para asegurar que su propiedad comenz\u00f3 a llevar a los dividendos m\u00e1s altos posibles.<\/p>\n<p>Al final del plazo de arrendamiento, puede continuar por su cuenta para tomar su propiedad en alquiler al mejor precio, o seguir cooperando con Bella Mar Estate Group. En este caso, nos ocupamos de todo lo relacionado con la selecci\u00f3n de los inquilinos y el mantenimiento continuo.<\/p>\n<p>Para cualquier pregunta, por favor contacte con nosotros en <a href=\"mailto:webmaster@lamarpm.com\">webmaster@lamarpm.com<\/a><\/p>","protected":false},"excerpt":{"rendered":"<p>Bella Mar Estate Group &#8211; una empresa espa\u00f1ola, desde hace muchos a\u00f1os, la realizaci\u00f3n de operaciones en la administraci\u00f3n de bienes inmuebles Costa del Sol. La compa\u00f1\u00eda ofrece una amplia gama de servicios relacionados con el alquiler, reparaci\u00f3n y mantenimiento de apartamentos, villas y adosados. Cualquier propiedad residencial, con nuestra ayuda, comenzar\u00e1 a generar altos [&hellip;]<\/p>\n","protected":false},"author":1,"featured_media":0,"parent":0,"menu_order":1,"comment_status":"closed","ping_status":"open","template":"about.php","meta":{"footnotes":""},"_links":{"self":[{"href":"http:\/\/lamarpm.com\/es\/wp-json\/wp\/v2\/pages\/2"}],"collection":[{"href":"http:\/\/lamarpm.com\/es\/wp-json\/wp\/v2\/pages"}],"about":[{"href":"http:\/\/lamarpm.com\/es\/wp-json\/wp\/v2\/types\/page"}],"author":[{"embeddable":true,"href":"http:\/\/lamarpm.com\/es\/wp-json\/wp\/v2\/users\/1"}],"replies":[{"embeddable":true,"href":"http:\/\/lamarpm.com\/es\/wp-json\/wp\/v2\/comments?post=2"}],"version-history":[{"count":13,"href":"http:\/\/lamarpm.com\/es\/wp-json\/wp\/v2\/pages\/2\/revisions"}],"predecessor-version":[{"id":363,"href":"http:\/\/lamarpm.com\/es\/wp-json\/wp\/v2\/pages\/2\/revisions\/363"}],"wp:attachment":[{"href":"http:\/\/lamarpm.com\/es\/wp-json\/wp\/v2\/media?parent=2"}],"curies":[{"name":"wp","href":"https:\/\/api.w.org\/{rel}","templated":true}]}}